{"id":67,"date":"2018-11-11T22:45:47","date_gmt":"2018-11-11T22:45:47","guid":{"rendered":"http:\/\/www.marlspielt.de\/?page_id=67"},"modified":"2026-01-05T15:09:18","modified_gmt":"2026-01-05T14:09:18","slug":"datenschutz","status":"publish","type":"page","link":"https:\/\/www.marlspielt.de\/?page_id=67","title":{"rendered":"Datenschutz"},"content":{"rendered":"\n<div class=\"wp-block-columns is-layout-flex wp-container-core-columns-is-layout-9d6595d7 wp-block-columns-is-layout-flex\">\n<div class=\"wp-block-column is-layout-flow wp-block-column-is-layout-flow\" style=\"flex-basis:100%\">\n<div class=\"wp-block-group\"><div class=\"wp-block-group__inner-container is-layout-flow wp-block-group-is-layout-flow\">\n<div class=\"wp-block-group has-black-color has-text-color\"><div class=\"wp-block-group__inner-container is-layout-flow wp-block-group-is-layout-flow\">\n<div class=\"wp-block-columns has-white-color has-text-color is-layout-flex wp-container-core-columns-is-layout-9d6595d7 wp-block-columns-is-layout-flex\">\n<div class=\"wp-block-column is-vertically-aligned-center has-black-color has-text-color is-layout-flow wp-block-column-is-layout-flow\" style=\"flex-basis:100%\">\n<div class=\"wp-block-group\"><div class=\"wp-block-group__inner-container is-layout-flow wp-block-group-is-layout-flow\">\n<div class=\"wp-block-group\"><div class=\"wp-block-group__inner-container is-layout-flow wp-block-group-is-layout-flow\">\n<blockquote class=\"wp-block-quote is-layout-flow wp-block-quote-is-layout-flow\">\n<p>Datenschutzerkl\u00e4rung<\/p>\n<\/blockquote>\n<\/div><\/div>\n<\/div><\/div>\n<\/div>\n<\/div>\n\n\n\n<div class=\"wp-block-group has-black-color has-white-background-color has-text-color has-background\"><div class=\"wp-block-group__inner-container is-layout-flow wp-block-group-is-layout-flow\">\n<p>Ab dem 25.05.2018 gilt die DSGVO (Datenschutzgrundverordnung der Europ\u00e4ischen Union). Mit diesem Gesetz ist jeder Betreiber einer Website, so auch wir, Marl spielt! e.V., dazu verpflichtet eine Datenschutzerkl\u00e4rung auf unserer Website \u00f6ffentlich zug\u00e4nglich zu hinterlegen.<\/p>\n\n\n\n<p>Anhand dieser Datenschutzerkl\u00e4rung kann jeder Benutzer der Website sehen, inwieweit personenbezogene Daten gespeichert und Verwendung finden.<\/p>\n\n\n\n<p>Wir nehmen Datenschutzrecht sehr ernst und behandeln Ihre personenbezogenen Daten vertraulich, sorgf\u00e4ltig und entsprechend der ges. Vorgaben.<\/p>\n\n\n\n<p>Bedenken Sie bitte, dass die Daten\u00fcbertragung im Internet stets mit Sicherheitsl\u00fccken bedacht ist. Ein umf\u00e4nglicher Schutz vor Fremdzugriff ist in diesem Rahmen schwer zu realisieren und liegt daher auch nicht in unserem Verantwortungsbereich (Haftungsausschluss).<\/p>\n\n\n\n<div style=\"height:38px\" aria-hidden=\"true\" class=\"wp-block-spacer\"><\/div>\n\n\n\n<p><strong>Kontaktdaten &#8211; Wer verarbeitet die Daten<\/strong><\/p>\n\n\n\n<p><strong>Marl spielt! e.V.<\/strong><\/p>\n\n\n\n<p>Spieliothek Marl<\/p>\n\n\n\n<p>Bergstra\u00dfe 228a<br>Marler Stern 10E<\/p>\n\n\n\n<p>45768 Marl<\/p>\n\n\n\n<p>Der Verein wird vertreten durch die Vorstandsvorsitzende Maresa Kallmeier.<\/p>\n\n\n\n<div style=\"height:32px\" aria-hidden=\"true\" class=\"wp-block-spacer\"><\/div>\n\n\n\n<p><strong>Zugriffsdaten<\/strong> &#8211; <strong>Welche Daten nutzen wir<\/strong> <strong>und warum<\/strong><\/p>\n\n\n\n<p>Der Websitebetreiber (Marl spielt! e.V.) bzw. Seitenprovider erhebt Daten \u00fcber Zugriffe auf die Seite und speichert diese als sogenannte \u201eServer-Logfiles\u201c ab. Wir nutzen dabei den Dienst der WordPress Statistics. WordPress ist die Software, \u00fcber die unsere Website betrieben wird. Wir nutzen daher keinen externen Dienstleister. Folgende Daten werden so protokolliert:<\/p>\n\n\n\n<ul class=\"wp-block-list\">\n<li>Besuchte Website und der spezielle Reiter (ein Reiter ist eine Unterseite, z.B. diese Datenschutzseite)<\/li>\n\n\n\n<li>Uhrzeit zum Zeitpunkt des Zugriffes (wann wird die Website besucht)<\/li>\n\n\n\n<li>Menge der gesendeten Daten in Byte<\/li>\n\n\n\n<li>Quelle\/Verweis, von welcher\/ welchem Sie auf die Seite gelangten<\/li>\n\n\n\n<li>Genutzter Browser (z.B. Chrome, Firefox oder Safari)<\/li>\n\n\n\n<li>Verwendetes Betriebssystem (z.B. Windows oder Linux)<\/li>\n\n\n\n<li>Verwendete IP-Adresse<\/li>\n\n\n\n<li>Downloads (z.B. unsere Beitrittserkl\u00e4rung)<\/li>\n<\/ul>\n\n\n\n<p>Die erhobenen Daten dienen lediglich statistischen Auswertungen und zur Verbesserung der Website. Der Websitebetreiber beh\u00e4lt sich allerdings vor, die sog. Logfiles (Zugriffsdaten) nachtr\u00e4glich zu \u00fcberpr\u00fcfen, sollten konkrete Anhaltspunkte auf eine rechtswidrige und oder strafbare Nutzung hinweisen. Ihr Recht: <strong>Nach einem Monat werden die Daten endg\u00fcltig, oder wenn Sie dies beantragen nat\u00fcrlich fr\u00fcher, gel\u00f6scht.<\/strong><\/p>\n\n\n\n<div style=\"height:35px\" aria-hidden=\"true\" class=\"wp-block-spacer\"><\/div>\n\n\n\n<p><strong>Cookies und ihr Rechte<\/strong><\/p>\n\n\n\n<p>Diese Website verwendet Cookies. Dabei handelt es sich um kleine Textdateien, welche auf Ihrem Ger\u00e4t welches Sie gerade benutzen gespeichert werden. Ihr Browser ( z.B. Firefox, Safari, Chrome etc.) greift auf diese Textdateien zu. Durch den Einsatz von Cookies erh\u00f6ht sich die Benutzerfreundlichkeit und Sicherheit dieser Website. Das ist g\u00e4ngig, sie haben aber die M\u00f6glichkeit diese zu deaktivieren.<\/p>\n\n\n\n<p>G\u00e4ngige Browser bieten die Einstellungsoption, Cookies nicht zuzulassen. Hinweis: Es ist nicht gew\u00e4hrleistet, dass Sie auf alle Funktionen dieser Website ohne Einschr\u00e4nkungen zugreifen k\u00f6nnen, wenn Sie genau diese &#8222;Einstellungen&#8220; vornehmen. Bei Ihrem ersten Besuch auf dieser Website werden Sie gebeten, der Verwendung von Cookies zuzustimmen. Dies k\u00f6nnen sie \u00fcber den entsprechenden Reiter (s.o.) unter &#8222;<a href=\"https:\/\/www.marlspielt.de\/?page_id=67\" data-type=\"page\" data-id=\"67\">Datenschutz<\/a>&#8220; widerrufen.<\/p>\n\n\n\n<p>Zur Verwaltung der eingesetzten Cookies und \u00e4hnlichen Technologien und diesbez\u00fcglicher &#8222;Einwilligungen&#8220; setzen wir den sog. &#8222;Real Cookie Banner&#8220; ein. Details und Informationen zur Funktionsweise von &#8222;Real Cookie Banner&#8220; findest du unter <a href=\"https:\/\/devowl.io\/de\/rcb\/datenverarbeitung\/\" target=\"_blank\" rel=\"noreferrer noopener\">https:\/\/devowl.io\/de\/rcb\/datenverarbeitung\/<\/a>.<\/p>\n\n\n\n<p>Rechtsgrundlagen f\u00fcr die Verarbeitung von personenbezogenen Daten in diesem Zusammenhang sind Art. 6 Abs. 1 lit. c Datenschutzgrundverordnung und Art. 6 Abs. 1 lit. f Datenschutzgrundverordnung. Unser berechtigtes Interesse ist die Verwaltung der eingesetzten Cookies und \u00e4hnlichen Technologien und der diesbez\u00fcglichen Einwilligungen. Aktuell sind 1 essentielle und 4 funktionale Cookies aktiv. <\/p>\n\n\n\n<p>Ihre Bereitstellung der &#8222;personenbezogenen Daten&#8220; ist weder gesetzlich noch vertraglich noch f\u00fcr den Abschluss einer Mitgliedschaft beim Verein Marl spielt! e.V. notwendig. Sie sind nicht verpflichtet die personenbezogenen Daten bereitzustellen oder diese Website zu besuchen. Allerdings: Wenn Sie diese &#8222;personenbezogenen Daten&#8220; nicht bereitstellen, k\u00f6nnen Sie diese Seite wohlm\u00f6glich nicht vollst\u00e4ndig nutzen,<\/p>\n\n\n\n<div style=\"height:39px\" aria-hidden=\"true\" class=\"wp-block-spacer\"><\/div>\n\n\n\n<p><strong>Umgang mit personenbezogenen Daten<\/strong><\/p>\n\n\n\n<p>Der Websitebetreiber (wir) erhebt, nutzt und gibt Ihre personenbezogenen Daten nur dann weiter, wenn dies im gesetzlichen Rahmen erlaubt ist oder Sie in die Datenerhebung einwilligen. Als Einwilligung gilt gem. \u00a7183 S.1 BGB die vorherige Zustimmung. Das erfolgt konkludent mit dem Besuch dieser Website.<\/p>\n\n\n\n<p>Definition, zur besseren Verst\u00e4ndlichkeit: Als &#8222;personenbezogene Daten&#8220; gelten alle Informationen, welche dazu dienen, Ihre Person zu bestimmen und welche zu Ihnen zur\u00fcckverfolgt werden k\u00f6nnen \u2013 also beispielsweise Ihr Name, Ihre E-Mail-Adresse, ihre IP-Adresse, so auch oben in der Liste genannt. Keine Sorge, auf Ihren Namen kann der Betreiber nicht zugreifen.<\/p>\n\n\n\n<div style=\"height:36px\" aria-hidden=\"true\" class=\"wp-block-spacer\"><\/div>\n\n\n\n<p><strong>Dauer der Datenspeicherung<\/strong><\/p>\n\n\n\n<p>Grunds\u00e4tzlich werden Ihre Daten nur so lange verarbeitet, wie es mindestens n\u00f6tig ist, auf der Website zu Statistikzwecken sp\u00e4tes nach Ablauf eines Monats. Das steht auch schon oben.<\/p>\n\n\n\n<div style=\"height:27px\" aria-hidden=\"true\" class=\"wp-block-spacer\"><\/div>\n\n\n\n<p><strong>Umgang mit Kontaktdaten<\/strong><\/p>\n\n\n\n<p>Nehmen Sie mit dem Websitebetreiber durch die angebotenen Kontaktm\u00f6glichkeiten wie zum Beispiel &#8222;Mail&#8220; zur Ihnen Verbindung auf, werden Ihre Angaben gespeichert, damit auf diese zur Bearbeitung und Beantwortung Ihrer Anfrage zur\u00fcckgegriffen werden kann. Das geschieht aktuell nur \u00fcber die angegebene Emailadresse. Ohne Ihre <strong>Einwilligung<\/strong> werden diese Daten nicht an Dritte weitergegeben. Zurzeit haben wir auf unserer Website kein Kontaktformular eingerichtet, behalten uns aber vor, dies einzurichten, sofern wir die Einrichtung dessen als erforderlich erachten.<\/p>\n\n\n\n<p>Da unser Email-Verteiler, der zurzeit nur den Vereinsmitgliedern vorbehalten ist, \u00fcber unseren Website-Anbieter \u201e1blu.de\u201c eingerichtet ist, betrifft der Umgang mit Kontaktdaten auch nur den Email-Verteiler. Dazu nutzen wir das Tool Googlegroups und den integrierten Webmailer von 1blu.<\/p>\n\n\n\n<div style=\"height:28px\" aria-hidden=\"true\" class=\"wp-block-spacer\"><\/div>\n\n\n\n<p><strong>Auftragsdatenverarbeitung<\/strong><\/p>\n\n\n\n<p>Mit der 1blu GmbH haben wir einen Auftragsdatenverarbeitungsvertrag (AVV) abgeschlossen. Die 1blu GmbH stellt den Server zur Verf\u00fcgung, \u00fcber den diese Website betrieben wird und \u00fcbernimmt auf Grundlage des AVV Ma\u00dfnahmen der Wartung dieser Website, um auch in Zukunft eine Datensicherheit zu gew\u00e4hrleisten.<\/p>\n\n\n\n<div style=\"height:36px\" aria-hidden=\"true\" class=\"wp-block-spacer\"><\/div>\n\n\n\n<p><strong>Umgang mit Kommentaren und Beitr\u00e4gen<\/strong><\/p>\n\n\n\n<p>Diese Funktion ist aktuell deaktiviert. Wir nutzen diesbez\u00fcglich auch keine Tools, <\/p>\n\n\n\n<div style=\"height:36px\" aria-hidden=\"true\" class=\"wp-block-spacer\"><\/div>\n\n\n\n<p><strong>Ihre Rechte gem. Art. 13 ff. Datenschutzgrundverordnung<\/strong><\/p>\n\n\n\n<p>Auskunftsrecht, Art. 15 DSGVO: Zweck der Datenverarbeitung, welche personenbezogenen Daten \u00fcberhaupt verarbeitet werden, wer diese Daten verarbeitet und diese sichtet, ob Daten an &#8222;nicht-EU-L\u00e4nder&#8220; weitergeben werden, interne Speicherdauer Ihrer Daten. Die DSGVO entfaltet ihre Wirkung in 27 Mitgliedsstaaten der Europ\u00e4ischen Union.<\/p>\n\n\n\n<p>Weiterhin haben Sie ein Recht auf L\u00f6schung dieser Daten (Art. 17 DSGVO) und Berichtigung (Art. 16 DSGVO), zudem k\u00f6nnen Sie diese Verarbeitung einschr\u00e4nken (18 DSGVO) oder widerrufen (Art. 21 DSGVO), z.B. \u00fcber das Tool (= Werkzeug) im Reiter &#8222;Datenschutz&#8220;. Ihnen steht ein Recht auf Daten\u00fcbertragbarkeit (Art. 20 DSGVO) ebenfalls zu.<\/p>\n\n\n\n<p>Die zust\u00e4ndige Beh\u00f6rde zur Beschwerde (Art. 77 DSGVO) ist in NRW:<\/p>\n\n\n\n<p>Landesbeauftragte f\u00fcr Datenschutz und Informationsfreiheit<\/p>\n\n\n\n<p>Nordrhein-Westfalen<\/p>\n\n\n\n<p>Kavalleriestra\u00dfe 2 &#8211; 4<\/p>\n\n\n\n<p>40213 D\u00fcsseldorf<\/p>\n\n\n\n<div style=\"height:36px\" aria-hidden=\"true\" class=\"wp-block-spacer\"><\/div>\n\n\n\n<p><strong>Soziale Medien\/ Social Media<\/strong><\/p>\n\n\n\n<p>Der Verein hat aktuell f\u00fcnf Social Media Accounts, die unterschiedlich genutzt werden.<\/p>\n\n\n\n<p>Instagram und Facebook, die beide zur Meta geh\u00f6ren und Bluesky. Gelangen Sie von einer dieser Seiten via Link auf diese Website, werden Ihre Daten mitunter in Nicht-EU-L\u00e4ndern wie den USA verarbeitet.<\/p>\n\n\n\n<p>Zudem nutzen wir Social Media Plugins, mit denen Sie auf unsere Facebook bzw. Bluesky Seite gelangen.<\/p>\n\n\n\n<p>Unsere Rechtsgrundlage zur Datenverarbeitung hinsichtlich der Nutzung von Social Media ist Art. 6 I lit. a DSGVO. Wir nutzen Social Media zur Bereitstellung von Content, Kommunikation und Bekanntmachungen f\u00fcr den F\u00f6rderverein Marl Spielt! e.V. und in dem Sinne satzungsgem\u00e4\u00df auch der Spieliothek, sowie aktuell auch Spieletreffs in Marl und der unmittelbaren \u00f6rtlichen Umgebung. So wie wir auch nutzen Anbieter von Social Media Cookies. lesen Sie sich dazu am Besten den Abschnitt zu Cookies durch, auch Ihre Rechte. Wir d\u00fcrfen f\u00fcr unsere Zwecke so wie auch z.B. Facebook auch berechtigtem Interesse Daten erheben. Die Rechtsgrundlage dazu findet sich in Art. 6 I lit. f DSGVO. Das berechtigte Interesse kann beispielsweise auch satzungsgem\u00e4\u00dfen Zwecken des Publikmachens von Verein und Spieliothek und Kommunikation mit anderen Vereinen, Menschen und Unternehmen mit Internet und Social Media Zugriff erfolgen.<\/p>\n\n\n\n<p>Zun\u00e4chst ist festzuhalten, dass alle Unternehmen, die Social Media anbieten f\u00fcr ihren Datenschutz selbst verantwortlich sind, Meta f\u00fcr Facebook und Instagram.<\/p>\n\n\n\n<p>Im Folgenden sei auf die Datenschutzerkl\u00e4rungen der Unternehmen hinzuweisen.<\/p>\n\n\n\n<div style=\"height:36px\" aria-hidden=\"true\" class=\"wp-block-spacer\"><\/div>\n\n\n\n<p><strong>Bluesky:<\/strong> https:\/\/blueskyweb.zendesk.com\/hc\/en-us\/articles\/15835264007693-Data-Privacy<\/p>\n\n\n\n<p><strong>Facebook: <\/strong>https:\/\/www.facebook.com\/privacy\/policy\/?entry_point=data_policy_redirect&amp;entry=0<\/p>\n\n\n\n<p><strong>Instagram:<\/strong> https:\/\/www.facebook.com\/help\/instagram\/155833707900388<\/p>\n\n\n\n<p><strong>Twitter:<\/strong> https:\/\/twitter.com\/de\/privacy<\/p>\n\n\n\n<p><strong>Youtube: <\/strong>https:\/\/www.youtube.com\/intl\/ALL_de\/howyoutubeworks\/user-settings\/privacy\/<\/p>\n\n\n\n<p><\/p>\n\n\n\n<div style=\"height:36px\" aria-hidden=\"true\" class=\"wp-block-spacer\"><\/div>\n\n\n\n<p>Durch Klick auf diese Plugins k\u00f6nnen personenbezogene Daten bei Meta, Bsky und Co. gespeichert werden. Ebenso ist eine Datenverarbeitung \u00fcber Klicks von den gen. Unternehmen zu unserer Website m\u00f6glich.<\/p>\n\n\n\n<p>Die Unternehmen nutzen diese Daten u.A.. f\u00fcr die Zusammenf\u00fchrung von Daten und der \u00dcberpr\u00fcfung wie Analyse von Nutzerverhalten. <\/p>\n\n\n\n<div style=\"height:36px\" aria-hidden=\"true\" class=\"wp-block-spacer\"><\/div>\n<\/div><\/div>\n\n\n\n<div class=\"wp-block-group has-black-color has-white-background-color has-text-color has-background\"><div class=\"wp-block-group__inner-container is-layout-flow wp-block-group-is-layout-flow\">\n<p>Der Vorstand Marl spielt! e.V.<\/p>\n\n\n\n<p>Stand: 01.05.2025<\/p>\n<\/div><\/div>\n<\/div><\/div>\n<\/div><\/div>\n<\/div>\n<\/div>\n\n\n\n<p><\/p>\n","protected":false},"excerpt":{"rendered":"<p>Datenschutzerkl\u00e4rung Ab dem 25.05.2018 gilt die DSGVO (Datenschutzgrundverordnung der Europ\u00e4ischen Union). Mit diesem Gesetz ist jeder Betreiber einer Website, so<\/p>\n","protected":false},"author":1,"featured_media":0,"parent":0,"menu_order":6,"comment_status":"closed","ping_status":"closed","template":"","meta":{"footnotes":""},"class_list":["post-67","page","type-page","status-publish","hentry","comments-off"],"_links":{"self":[{"href":"https:\/\/www.marlspielt.de\/index.php?rest_route=\/wp\/v2\/pages\/67","targetHints":{"allow":["GET"]}}],"collection":[{"href":"https:\/\/www.marlspielt.de\/index.php?rest_route=\/wp\/v2\/pages"}],"about":[{"href":"https:\/\/www.marlspielt.de\/index.php?rest_route=\/wp\/v2\/types\/page"}],"author":[{"embeddable":true,"href":"https:\/\/www.marlspielt.de\/index.php?rest_route=\/wp\/v2\/users\/1"}],"replies":[{"embeddable":true,"href":"https:\/\/www.marlspielt.de\/index.php?rest_route=%2Fwp%2Fv2%2Fcomments&post=67"}],"version-history":[{"count":57,"href":"https:\/\/www.marlspielt.de\/index.php?rest_route=\/wp\/v2\/pages\/67\/revisions"}],"predecessor-version":[{"id":1883,"href":"https:\/\/www.marlspielt.de\/index.php?rest_route=\/wp\/v2\/pages\/67\/revisions\/1883"}],"wp:attachment":[{"href":"https:\/\/www.marlspielt.de\/index.php?rest_route=%2Fwp%2Fv2%2Fmedia&parent=67"}],"curies":[{"name":"wp","href":"https:\/\/api.w.org\/{rel}","templated":true}]}}